{"id":97,"date":"2018-12-14T00:46:18","date_gmt":"2018-12-13T23:46:18","guid":{"rendered":"https:\/\/le-jardin-des-bisounours.fr\/?page_id=97"},"modified":"2024-11-10T10:07:35","modified_gmt":"2024-11-10T09:07:35","slug":"informations-pratiques","status":"publish","type":"page","link":"https:\/\/le-jardin-des-bisounours.fr\/index.php\/informations-pratiques\/","title":{"rendered":"Informations pratiques"},"content":{"rendered":"\n<h3>Horaires d&rsquo;ouverture<\/h3>\n\n\n\n<p>La cr\u00e8che est ouverte du lundi au vendredi de 8h00 \u00e0 18h30.<\/p>\n\n\n\n<h4>Fermetures de la cr\u00e8che<\/h4>\n\n\n\n<p>1 semaine entre No\u00ebl et le jour de l&rsquo;An, 3 semaines au mois d&rsquo;ao\u00fbt ainsi que les ponts ch\u00f4m\u00e9s. <br>Les dates exactes de fermeture sont vot\u00e9s&nbsp;en Assembl\u00e9e G\u00e9n\u00e9rale.<\/p>\n\n\n\n<h3>Fournitures<\/h3>\n\n\n\n<p>La liste des fournitures est envoy\u00e9e avant le premier jour de l&rsquo;enfant.<\/p>\n\n\n\n<h4>Les couches et repas sont pris en charge par la cr\u00e8che !<\/h4>\n","protected":false},"excerpt":{"rendered":"<p>Horaires d&rsquo;ouverture La cr\u00e8che est ouverte du lundi au vendredi de 8h00 \u00e0 18h30. Fermetures de la cr\u00e8che 1 semaine entre No\u00ebl et le jour de l&rsquo;An, 3 semaines au mois d&rsquo;ao\u00fbt ainsi que les ponts ch\u00f4m\u00e9s. Les dates exactes [&hellip;]<\/p>\n","protected":false},"author":1,"featured_media":0,"parent":0,"menu_order":0,"comment_status":"closed","ping_status":"closed","template":"","meta":[],"_links":{"self":[{"href":"https:\/\/le-jardin-des-bisounours.fr\/index.php\/wp-json\/wp\/v2\/pages\/97"}],"collection":[{"href":"https:\/\/le-jardin-des-bisounours.fr\/index.php\/wp-json\/wp\/v2\/pages"}],"about":[{"href":"https:\/\/le-jardin-des-bisounours.fr\/index.php\/wp-json\/wp\/v2\/types\/page"}],"author":[{"embeddable":true,"href":"https:\/\/le-jardin-des-bisounours.fr\/index.php\/wp-json\/wp\/v2\/users\/1"}],"replies":[{"embeddable":true,"href":"https:\/\/le-jardin-des-bisounours.fr\/index.php\/wp-json\/wp\/v2\/comments?post=97"}],"version-history":[{"count":9,"href":"https:\/\/le-jardin-des-bisounours.fr\/index.php\/wp-json\/wp\/v2\/pages\/97\/revisions"}],"predecessor-version":[{"id":524,"href":"https:\/\/le-jardin-des-bisounours.fr\/index.php\/wp-json\/wp\/v2\/pages\/97\/revisions\/524"}],"wp:attachment":[{"href":"https:\/\/le-jardin-des-bisounours.fr\/index.php\/wp-json\/wp\/v2\/media?parent=97"}],"curies":[{"name":"wp","href":"https:\/\/api.w.org\/{rel}","templated":true}]}}