{"id":62,"date":"2018-12-13T22:46:50","date_gmt":"2018-12-13T21:46:50","guid":{"rendered":"https:\/\/le-jardin-des-bisounours.fr\/?page_id=62"},"modified":"2024-11-10T10:15:29","modified_gmt":"2024-11-10T09:15:29","slug":"recrutement","status":"publish","type":"page","link":"https:\/\/le-jardin-des-bisounours.fr\/index.php\/recrutement\/","title":{"rendered":"Inscription"},"content":{"rendered":"\n<h3>Modalit\u00e9s d&rsquo;inscription<\/h3>\n\n\n\n<p>Aucune distinction n&rsquo;est faite concernant les revenus ou le milieu social des parents pour les inscriptions. Seuls comptent <strong>l&rsquo;int\u00e9r\u00eat et la disponibilit\u00e9<\/strong> des parents ainsi que l&rsquo;ad\u00e9quation de l&rsquo;\u00e2ge\/sexe de l&rsquo;enfant avec les places disponibles. La priorit\u00e9 est donn\u00e9e aux <strong>Longipontains<\/strong> !<br>Les enfants peuvent \u00eatre accueillis \u00e0 partir de 2,5 mois et jusqu&rsquo;\u00e0 la rentr\u00e9e scolaire suivant leurs 3 ans. <br>En accord avec les services sociaux, nous pouvons accueillir un enfant en situation d&rsquo;urgence de mani\u00e8re exceptionnelle.<br>La commission recrutement est charg\u00e9e de r\u00e9ceptionner les pr\u00e9-inscriptions. Les familles sont re\u00e7ues par un membre de la commission recrutement ou lors des journ\u00e9es portes ouvertes organis\u00e9es courant f\u00e9vrier\/mars.<br>A l&rsquo;issue de celle\u2013ci, les familles se verront remettre un dossier d&rsquo;inscription qui devra \u00eatre remis complet et sign\u00e9.<br>Un courrier postal ou \u00e9lectronique validera l&rsquo;inscription.<br><br>Pour tout renseignement compl\u00e9mentaire, contactez recrut.jardin.des.bisounours@gmail.com<\/p>\n\n\n\n<p><strong><a href=\"https:\/\/le-jardin-des-bisounours.fr\/index.php\/le-fonctionnement-de-la-creche\/\" data-type=\"page\" data-id=\"237\">Pensez \u00e0 lire le fonctionnement de la cr\u00e8che avant de vous inscrire.<\/a><\/strong><\/p>\n\n\n\n<h3>Le co\u00fbt<\/h3>\n\n\n\n<p>Le prix de la cr\u00e8che est bas\u00e9 sur le bar\u00e8me national PSU d\u00e9fini par la CNAF : Caisse Nationale des Allocations Familiales. La contribution financi\u00e8re d&rsquo;une famille varie donc en fonction de ses revenus, du nombre d&rsquo;enfants de la famille, et \u00e9galement en fonction du temps de pr\u00e9sence de l&rsquo;enfant dans la cr\u00e8che.\u00c0 ce co\u00fbt mensuel, il faut ajouter une adh\u00e9sion annuelle \u00e0 l&rsquo;association de 40\u20ac pour les longipontains et 50\u20ac pour les \u00ab\u00a0hors commune\u00a0\u00bb,Comme pour toutes les autres formes de garde, les parents peuvent d\u00e9duire de leurs imp\u00f4ts une somme \u00e9gale \u00e0 50 % des sommes vers\u00e9es (dans la limite de 2 300 euros par enfant, limite susceptible d&rsquo;\u00e9volution).<\/p>\n\n\n\n<p>Cliquez ici pour <a href=\"http:\/\/www.caf.fr\/allocataires\/droits-et-prestations\/s-informer-sur-les-aides\/petite-enfance\/la-prestation-d-accueil-du-jeune-enfant-paje\">Calculer vos droits aux aides de la CAF<\/a><\/p>\n\n\n\n<h3>Pr\u00e9-inscription en ligne<\/h3>\n\n\n\n<p><\/p>\n\n\n\n<div class=\"wp-block-group\"><div class=\"wp-block-group__inner-container\">\n<p>Cliquez ici pour remplir le <a href=\"https:\/\/jardindesbisounours.gertrude-logiciel.org\/preinscription\" data-type=\"URL\" data-id=\"https:\/\/jardindesbisounours.gertrude-logiciel.org\/preinscription\">formulaire de pr\u00e9-inscription<\/a><\/p>\n<\/div><\/div>\n\n\n\n<p><\/p>\n","protected":false},"excerpt":{"rendered":"<p>Modalit\u00e9s d&rsquo;inscription Aucune distinction n&rsquo;est faite concernant les revenus ou le milieu social des parents pour les inscriptions. Seuls comptent l&rsquo;int\u00e9r\u00eat et la disponibilit\u00e9 des parents ainsi que l&rsquo;ad\u00e9quation de l&rsquo;\u00e2ge\/sexe de l&rsquo;enfant avec les places disponibles. La priorit\u00e9 est [&hellip;]<\/p>\n","protected":false},"author":1,"featured_media":0,"parent":0,"menu_order":0,"comment_status":"closed","ping_status":"closed","template":"","meta":[],"_links":{"self":[{"href":"https:\/\/le-jardin-des-bisounours.fr\/index.php\/wp-json\/wp\/v2\/pages\/62"}],"collection":[{"href":"https:\/\/le-jardin-des-bisounours.fr\/index.php\/wp-json\/wp\/v2\/pages"}],"about":[{"href":"https:\/\/le-jardin-des-bisounours.fr\/index.php\/wp-json\/wp\/v2\/types\/page"}],"author":[{"embeddable":true,"href":"https:\/\/le-jardin-des-bisounours.fr\/index.php\/wp-json\/wp\/v2\/users\/1"}],"replies":[{"embeddable":true,"href":"https:\/\/le-jardin-des-bisounours.fr\/index.php\/wp-json\/wp\/v2\/comments?post=62"}],"version-history":[{"count":25,"href":"https:\/\/le-jardin-des-bisounours.fr\/index.php\/wp-json\/wp\/v2\/pages\/62\/revisions"}],"predecessor-version":[{"id":529,"href":"https:\/\/le-jardin-des-bisounours.fr\/index.php\/wp-json\/wp\/v2\/pages\/62\/revisions\/529"}],"wp:attachment":[{"href":"https:\/\/le-jardin-des-bisounours.fr\/index.php\/wp-json\/wp\/v2\/media?parent=62"}],"curies":[{"name":"wp","href":"https:\/\/api.w.org\/{rel}","templated":true}]}}