{"id":61,"date":"2018-12-13T22:46:50","date_gmt":"2018-12-13T21:46:50","guid":{"rendered":"https:\/\/le-jardin-des-bisounours.fr\/?page_id=61"},"modified":"2021-02-01T14:52:08","modified_gmt":"2021-02-01T13:52:08","slug":"galerie","status":"publish","type":"page","link":"https:\/\/le-jardin-des-bisounours.fr\/index.php\/galerie\/","title":{"rendered":"Galerie"},"content":{"rendered":"\n<figure class=\"wp-block-image size-large\"><img loading=\"lazy\" width=\"1024\" height=\"683\" src=\"https:\/\/le-jardin-des-bisounours.fr\/wp-content\/uploads\/2021\/02\/Creche-BD-21-09-2020-17-1-1024x683.jpg\" alt=\"\" class=\"wp-image-350\" srcset=\"https:\/\/le-jardin-des-bisounours.fr\/wp-content\/uploads\/2021\/02\/Creche-BD-21-09-2020-17-1-1024x683.jpg 1024w, https:\/\/le-jardin-des-bisounours.fr\/wp-content\/uploads\/2021\/02\/Creche-BD-21-09-2020-17-1-300x200.jpg 300w, https:\/\/le-jardin-des-bisounours.fr\/wp-content\/uploads\/2021\/02\/Creche-BD-21-09-2020-17-1-768x512.jpg 768w, https:\/\/le-jardin-des-bisounours.fr\/wp-content\/uploads\/2021\/02\/Creche-BD-21-09-2020-17-1-1536x1024.jpg 1536w, https:\/\/le-jardin-des-bisounours.fr\/wp-content\/uploads\/2021\/02\/Creche-BD-21-09-2020-17-1-2048x1365.jpg 2048w\" sizes=\"(max-width: 1024px) 100vw, 1024px\" \/><\/figure>\n\n\n\n<figure class=\"wp-block-image size-large\"><img loading=\"lazy\" width=\"1024\" height=\"683\" src=\"https:\/\/le-jardin-des-bisounours.fr\/wp-content\/uploads\/2021\/02\/Creche-BD-21-09-2020-15-2-1024x683.jpg\" alt=\"\" class=\"wp-image-349\" srcset=\"https:\/\/le-jardin-des-bisounours.fr\/wp-content\/uploads\/2021\/02\/Creche-BD-21-09-2020-15-2-1024x683.jpg 1024w, https:\/\/le-jardin-des-bisounours.fr\/wp-content\/uploads\/2021\/02\/Creche-BD-21-09-2020-15-2-300x200.jpg 300w, https:\/\/le-jardin-des-bisounours.fr\/wp-content\/uploads\/2021\/02\/Creche-BD-21-09-2020-15-2-768x512.jpg 768w, https:\/\/le-jardin-des-bisounours.fr\/wp-content\/uploads\/2021\/02\/Creche-BD-21-09-2020-15-2-1536x1024.jpg 1536w, https:\/\/le-jardin-des-bisounours.fr\/wp-content\/uploads\/2021\/02\/Creche-BD-21-09-2020-15-2-2048x1365.jpg 2048w\" sizes=\"(max-width: 1024px) 100vw, 1024px\" \/><\/figure>\n\n\n\n<figure class=\"wp-block-image size-large\"><img loading=\"lazy\" width=\"1024\" height=\"683\" src=\"https:\/\/le-jardin-des-bisounours.fr\/wp-content\/uploads\/2021\/02\/Creche-BD-21-09-2020-14-1-1024x683.jpg\" alt=\"\" class=\"wp-image-351\" srcset=\"https:\/\/le-jardin-des-bisounours.fr\/wp-content\/uploads\/2021\/02\/Creche-BD-21-09-2020-14-1-1024x683.jpg 1024w, https:\/\/le-jardin-des-bisounours.fr\/wp-content\/uploads\/2021\/02\/Creche-BD-21-09-2020-14-1-300x200.jpg 300w, https:\/\/le-jardin-des-bisounours.fr\/wp-content\/uploads\/2021\/02\/Creche-BD-21-09-2020-14-1-768x512.jpg 768w, https:\/\/le-jardin-des-bisounours.fr\/wp-content\/uploads\/2021\/02\/Creche-BD-21-09-2020-14-1-1536x1024.jpg 1536w, https:\/\/le-jardin-des-bisounours.fr\/wp-content\/uploads\/2021\/02\/Creche-BD-21-09-2020-14-1-2048x1365.jpg 2048w\" sizes=\"(max-width: 1024px) 100vw, 1024px\" \/><\/figure>\n\n\n\n<figure class=\"wp-block-image size-large\"><img loading=\"lazy\" width=\"1024\" height=\"683\" src=\"https:\/\/le-jardin-des-bisounours.fr\/wp-content\/uploads\/2021\/02\/Creche-BD-21-09-2020-16-1-1024x683.jpg\" alt=\"\" class=\"wp-image-352\" srcset=\"https:\/\/le-jardin-des-bisounours.fr\/wp-content\/uploads\/2021\/02\/Creche-BD-21-09-2020-16-1-1024x683.jpg 1024w, https:\/\/le-jardin-des-bisounours.fr\/wp-content\/uploads\/2021\/02\/Creche-BD-21-09-2020-16-1-300x200.jpg 300w, https:\/\/le-jardin-des-bisounours.fr\/wp-content\/uploads\/2021\/02\/Creche-BD-21-09-2020-16-1-768x512.jpg 768w, https:\/\/le-jardin-des-bisounours.fr\/wp-content\/uploads\/2021\/02\/Creche-BD-21-09-2020-16-1-1536x1024.jpg 1536w, https:\/\/le-jardin-des-bisounours.fr\/wp-content\/uploads\/2021\/02\/Creche-BD-21-09-2020-16-1-2048x1365.jpg 2048w\" sizes=\"(max-width: 1024px) 100vw, 1024px\" \/><\/figure>\n\n\n\n<h2>La salle de motricit\u00e9 \/ dortoir des grands<\/h2>\n\n\n\n<figure class=\"wp-block-image\"><img loading=\"lazy\" width=\"1024\" height=\"576\" src=\"https:\/\/le-jardin-des-bisounours.fr\/wp-content\/uploads\/2018\/12\/DSC00265-1-1024x576.jpg\" alt=\"\" class=\"wp-image-266\" srcset=\"https:\/\/le-jardin-des-bisounours.fr\/wp-content\/uploads\/2018\/12\/DSC00265-1-1024x576.jpg 1024w, https:\/\/le-jardin-des-bisounours.fr\/wp-content\/uploads\/2018\/12\/DSC00265-1-300x169.jpg 300w, https:\/\/le-jardin-des-bisounours.fr\/wp-content\/uploads\/2018\/12\/DSC00265-1-768x432.jpg 768w\" sizes=\"(max-width: 1024px) 100vw, 1024px\" \/><\/figure>\n\n\n\n<h2>Le dortoir des petits et moyens<\/h2>\n\n\n\n<figure class=\"wp-block-image\"><img loading=\"lazy\" width=\"1024\" height=\"576\" src=\"https:\/\/le-jardin-des-bisounours.fr\/wp-content\/uploads\/2018\/12\/DSC00268-1-1024x576.jpg\" alt=\"\" class=\"wp-image-265\" srcset=\"https:\/\/le-jardin-des-bisounours.fr\/wp-content\/uploads\/2018\/12\/DSC00268-1-1024x576.jpg 1024w, https:\/\/le-jardin-des-bisounours.fr\/wp-content\/uploads\/2018\/12\/DSC00268-1-300x169.jpg 300w, https:\/\/le-jardin-des-bisounours.fr\/wp-content\/uploads\/2018\/12\/DSC00268-1-768x432.jpg 768w\" sizes=\"(max-width: 1024px) 100vw, 1024px\" \/><\/figure>\n\n\n\n<figure class=\"wp-block-image size-large\"><img loading=\"lazy\" width=\"1024\" height=\"683\" src=\"https:\/\/le-jardin-des-bisounours.fr\/wp-content\/uploads\/2021\/02\/Creche-BD-21-09-2020-10-1-1024x683.jpg\" alt=\"\" class=\"wp-image-347\" srcset=\"https:\/\/le-jardin-des-bisounours.fr\/wp-content\/uploads\/2021\/02\/Creche-BD-21-09-2020-10-1-1024x683.jpg 1024w, https:\/\/le-jardin-des-bisounours.fr\/wp-content\/uploads\/2021\/02\/Creche-BD-21-09-2020-10-1-300x200.jpg 300w, https:\/\/le-jardin-des-bisounours.fr\/wp-content\/uploads\/2021\/02\/Creche-BD-21-09-2020-10-1-768x512.jpg 768w, https:\/\/le-jardin-des-bisounours.fr\/wp-content\/uploads\/2021\/02\/Creche-BD-21-09-2020-10-1-1536x1024.jpg 1536w, https:\/\/le-jardin-des-bisounours.fr\/wp-content\/uploads\/2021\/02\/Creche-BD-21-09-2020-10-1-2048x1365.jpg 2048w\" sizes=\"(max-width: 1024px) 100vw, 1024px\" \/><\/figure>\n\n\n\n<h2>La section principale<\/h2>\n\n\n\n<figure class=\"wp-block-image size-large\"><img loading=\"lazy\" width=\"1024\" height=\"683\" src=\"https:\/\/le-jardin-des-bisounours.fr\/wp-content\/uploads\/2021\/02\/Creche-BD-21-09-2020-1-1-1024x683.jpg\" alt=\"\" class=\"wp-image-342\" srcset=\"https:\/\/le-jardin-des-bisounours.fr\/wp-content\/uploads\/2021\/02\/Creche-BD-21-09-2020-1-1-1024x683.jpg 1024w, https:\/\/le-jardin-des-bisounours.fr\/wp-content\/uploads\/2021\/02\/Creche-BD-21-09-2020-1-1-300x200.jpg 300w, https:\/\/le-jardin-des-bisounours.fr\/wp-content\/uploads\/2021\/02\/Creche-BD-21-09-2020-1-1-768x512.jpg 768w, https:\/\/le-jardin-des-bisounours.fr\/wp-content\/uploads\/2021\/02\/Creche-BD-21-09-2020-1-1-1536x1024.jpg 1536w, https:\/\/le-jardin-des-bisounours.fr\/wp-content\/uploads\/2021\/02\/Creche-BD-21-09-2020-1-1-2048x1365.jpg 2048w\" sizes=\"(max-width: 1024px) 100vw, 1024px\" \/><\/figure>\n\n\n\n<figure class=\"wp-block-image size-large\"><img loading=\"lazy\" width=\"1024\" height=\"683\" src=\"https:\/\/le-jardin-des-bisounours.fr\/wp-content\/uploads\/2021\/02\/Creche-BD-21-09-2020-21-1-1024x683.jpg\" alt=\"\" class=\"wp-image-343\" srcset=\"https:\/\/le-jardin-des-bisounours.fr\/wp-content\/uploads\/2021\/02\/Creche-BD-21-09-2020-21-1-1024x683.jpg 1024w, https:\/\/le-jardin-des-bisounours.fr\/wp-content\/uploads\/2021\/02\/Creche-BD-21-09-2020-21-1-300x200.jpg 300w, https:\/\/le-jardin-des-bisounours.fr\/wp-content\/uploads\/2021\/02\/Creche-BD-21-09-2020-21-1-768x512.jpg 768w, https:\/\/le-jardin-des-bisounours.fr\/wp-content\/uploads\/2021\/02\/Creche-BD-21-09-2020-21-1-1536x1024.jpg 1536w, https:\/\/le-jardin-des-bisounours.fr\/wp-content\/uploads\/2021\/02\/Creche-BD-21-09-2020-21-1-2048x1365.jpg 2048w\" sizes=\"(max-width: 1024px) 100vw, 1024px\" \/><\/figure>\n\n\n\n<h2>Le coin b\u00e9b\u00e9s<\/h2>\n\n\n\n<figure class=\"wp-block-image size-large\"><img loading=\"lazy\" width=\"1024\" height=\"683\" src=\"https:\/\/le-jardin-des-bisounours.fr\/wp-content\/uploads\/2021\/02\/Creche-BD-21-09-2020-3-1-1024x683.jpg\" alt=\"\" class=\"wp-image-344\" srcset=\"https:\/\/le-jardin-des-bisounours.fr\/wp-content\/uploads\/2021\/02\/Creche-BD-21-09-2020-3-1-1024x683.jpg 1024w, https:\/\/le-jardin-des-bisounours.fr\/wp-content\/uploads\/2021\/02\/Creche-BD-21-09-2020-3-1-300x200.jpg 300w, https:\/\/le-jardin-des-bisounours.fr\/wp-content\/uploads\/2021\/02\/Creche-BD-21-09-2020-3-1-768x512.jpg 768w, https:\/\/le-jardin-des-bisounours.fr\/wp-content\/uploads\/2021\/02\/Creche-BD-21-09-2020-3-1-1536x1024.jpg 1536w, https:\/\/le-jardin-des-bisounours.fr\/wp-content\/uploads\/2021\/02\/Creche-BD-21-09-2020-3-1-2048x1365.jpg 2048w\" sizes=\"(max-width: 1024px) 100vw, 1024px\" \/><\/figure>\n\n\n\n<h2>La section activit\u00e9s<\/h2>\n\n\n\n<figure class=\"wp-block-image size-large\"><img loading=\"lazy\" width=\"1024\" height=\"683\" src=\"https:\/\/le-jardin-des-bisounours.fr\/wp-content\/uploads\/2021\/02\/Creche-BD-21-09-2020-7-1-1024x683.jpg\" alt=\"\" class=\"wp-image-345\" srcset=\"https:\/\/le-jardin-des-bisounours.fr\/wp-content\/uploads\/2021\/02\/Creche-BD-21-09-2020-7-1-1024x683.jpg 1024w, https:\/\/le-jardin-des-bisounours.fr\/wp-content\/uploads\/2021\/02\/Creche-BD-21-09-2020-7-1-300x200.jpg 300w, https:\/\/le-jardin-des-bisounours.fr\/wp-content\/uploads\/2021\/02\/Creche-BD-21-09-2020-7-1-768x512.jpg 768w, https:\/\/le-jardin-des-bisounours.fr\/wp-content\/uploads\/2021\/02\/Creche-BD-21-09-2020-7-1-1536x1024.jpg 1536w, https:\/\/le-jardin-des-bisounours.fr\/wp-content\/uploads\/2021\/02\/Creche-BD-21-09-2020-7-1-2048x1365.jpg 2048w\" sizes=\"(max-width: 1024px) 100vw, 1024px\" \/><\/figure>\n\n\n\n<h2>Les Sanitaires<\/h2>\n\n\n\n<figure class=\"wp-block-image size-large\"><img loading=\"lazy\" width=\"1024\" height=\"683\" src=\"https:\/\/le-jardin-des-bisounours.fr\/wp-content\/uploads\/2021\/02\/Creche-BD-21-09-2020-12-1-1024x683.jpg\" alt=\"\" class=\"wp-image-346\" srcset=\"https:\/\/le-jardin-des-bisounours.fr\/wp-content\/uploads\/2021\/02\/Creche-BD-21-09-2020-12-1-1024x683.jpg 1024w, https:\/\/le-jardin-des-bisounours.fr\/wp-content\/uploads\/2021\/02\/Creche-BD-21-09-2020-12-1-300x200.jpg 300w, https:\/\/le-jardin-des-bisounours.fr\/wp-content\/uploads\/2021\/02\/Creche-BD-21-09-2020-12-1-768x512.jpg 768w, https:\/\/le-jardin-des-bisounours.fr\/wp-content\/uploads\/2021\/02\/Creche-BD-21-09-2020-12-1-1536x1024.jpg 1536w, https:\/\/le-jardin-des-bisounours.fr\/wp-content\/uploads\/2021\/02\/Creche-BD-21-09-2020-12-1-2048x1365.jpg 2048w\" sizes=\"(max-width: 1024px) 100vw, 1024px\" \/><\/figure>\n\n\n\n<figure class=\"wp-block-image size-large\"><img loading=\"lazy\" width=\"1024\" height=\"683\" src=\"https:\/\/le-jardin-des-bisounours.fr\/wp-content\/uploads\/2021\/02\/Creche-BD-21-09-2020-6-1-1024x683.jpg\" alt=\"\" class=\"wp-image-353\" srcset=\"https:\/\/le-jardin-des-bisounours.fr\/wp-content\/uploads\/2021\/02\/Creche-BD-21-09-2020-6-1-1024x683.jpg 1024w, https:\/\/le-jardin-des-bisounours.fr\/wp-content\/uploads\/2021\/02\/Creche-BD-21-09-2020-6-1-300x200.jpg 300w, https:\/\/le-jardin-des-bisounours.fr\/wp-content\/uploads\/2021\/02\/Creche-BD-21-09-2020-6-1-768x512.jpg 768w, https:\/\/le-jardin-des-bisounours.fr\/wp-content\/uploads\/2021\/02\/Creche-BD-21-09-2020-6-1-1536x1024.jpg 1536w, https:\/\/le-jardin-des-bisounours.fr\/wp-content\/uploads\/2021\/02\/Creche-BD-21-09-2020-6-1-2048x1365.jpg 2048w\" sizes=\"(max-width: 1024px) 100vw, 1024px\" \/><\/figure>\n\n\n\n<figure class=\"wp-block-image\"><img alt=\"\"\/><\/figure>\n","protected":false},"excerpt":{"rendered":"<p>La salle de motricit\u00e9 \/ dortoir des grands Le dortoir des petits et moyens La section principale Le coin b\u00e9b\u00e9s La section activit\u00e9s Les Sanitaires<\/p>\n","protected":false},"author":1,"featured_media":0,"parent":0,"menu_order":0,"comment_status":"closed","ping_status":"closed","template":"","meta":[],"_links":{"self":[{"href":"https:\/\/le-jardin-des-bisounours.fr\/index.php\/wp-json\/wp\/v2\/pages\/61"}],"collection":[{"href":"https:\/\/le-jardin-des-bisounours.fr\/index.php\/wp-json\/wp\/v2\/pages"}],"about":[{"href":"https:\/\/le-jardin-des-bisounours.fr\/index.php\/wp-json\/wp\/v2\/types\/page"}],"author":[{"embeddable":true,"href":"https:\/\/le-jardin-des-bisounours.fr\/index.php\/wp-json\/wp\/v2\/users\/1"}],"replies":[{"embeddable":true,"href":"https:\/\/le-jardin-des-bisounours.fr\/index.php\/wp-json\/wp\/v2\/comments?post=61"}],"version-history":[{"count":7,"href":"https:\/\/le-jardin-des-bisounours.fr\/index.php\/wp-json\/wp\/v2\/pages\/61\/revisions"}],"predecessor-version":[{"id":356,"href":"https:\/\/le-jardin-des-bisounours.fr\/index.php\/wp-json\/wp\/v2\/pages\/61\/revisions\/356"}],"wp:attachment":[{"href":"https:\/\/le-jardin-des-bisounours.fr\/index.php\/wp-json\/wp\/v2\/media?parent=61"}],"curies":[{"name":"wp","href":"https:\/\/api.w.org\/{rel}","templated":true}]}}