{"id":474,"date":"2021-05-11T15:07:23","date_gmt":"2021-05-11T13:07:23","guid":{"rendered":"https:\/\/le-jardin-des-bisounours.fr\/?page_id=474"},"modified":"2021-05-11T15:17:37","modified_gmt":"2021-05-11T13:17:37","slug":"livre-dor","status":"publish","type":"page","link":"https:\/\/le-jardin-des-bisounours.fr\/index.php\/livre-dor\/","title":{"rendered":"LIVRE D&rsquo;OR"},"content":{"rendered":"\n<p class=\"has-medium-font-size\">Votre enfant \u00e0 fait partie de notre cr\u00e8che? <\/p>\n\n\n\n<p class=\"has-medium-font-size\">Vous souhaitez nous faire part de votre exp\u00e9rience? <\/p>\n\n\n\n<p class=\"has-medium-font-size\">Laissez nous un commentaire!!<\/p>\n\n\n\n<p><\/p>\n","protected":false},"excerpt":{"rendered":"<p>Votre enfant \u00e0 fait partie de notre cr\u00e8che? Vous souhaitez nous faire part de votre exp\u00e9rience? Laissez nous un commentaire!!<\/p>\n","protected":false},"author":1,"featured_media":0,"parent":0,"menu_order":0,"comment_status":"open","ping_status":"closed","template":"","meta":[],"_links":{"self":[{"href":"https:\/\/le-jardin-des-bisounours.fr\/index.php\/wp-json\/wp\/v2\/pages\/474"}],"collection":[{"href":"https:\/\/le-jardin-des-bisounours.fr\/index.php\/wp-json\/wp\/v2\/pages"}],"about":[{"href":"https:\/\/le-jardin-des-bisounours.fr\/index.php\/wp-json\/wp\/v2\/types\/page"}],"author":[{"embeddable":true,"href":"https:\/\/le-jardin-des-bisounours.fr\/index.php\/wp-json\/wp\/v2\/users\/1"}],"replies":[{"embeddable":true,"href":"https:\/\/le-jardin-des-bisounours.fr\/index.php\/wp-json\/wp\/v2\/comments?post=474"}],"version-history":[{"count":3,"href":"https:\/\/le-jardin-des-bisounours.fr\/index.php\/wp-json\/wp\/v2\/pages\/474\/revisions"}],"predecessor-version":[{"id":479,"href":"https:\/\/le-jardin-des-bisounours.fr\/index.php\/wp-json\/wp\/v2\/pages\/474\/revisions\/479"}],"wp:attachment":[{"href":"https:\/\/le-jardin-des-bisounours.fr\/index.php\/wp-json\/wp\/v2\/media?parent=474"}],"curies":[{"name":"wp","href":"https:\/\/api.w.org\/{rel}","templated":true}]}}