{"id":412,"date":"2021-02-03T11:59:33","date_gmt":"2021-02-03T10:59:33","guid":{"rendered":"https:\/\/le-jardin-des-bisounours.fr\/?page_id=412"},"modified":"2024-11-10T10:04:13","modified_gmt":"2024-11-10T09:04:13","slug":"bienvenue","status":"publish","type":"page","link":"https:\/\/le-jardin-des-bisounours.fr\/","title":{"rendered":"BIENVENUE"},"content":{"rendered":"\n<h1 class=\"has-text-align-center\">BIENVENUE<\/h1>\n\n\n\n<div class=\"wp-block-image\"><figure class=\"aligncenter size-large\"><img loading=\"lazy\" width=\"1024\" height=\"683\" src=\"https:\/\/le-jardin-des-bisounours.fr\/wp-content\/uploads\/2021\/02\/cropped-teddy-2468050_1920-1024x683.jpg\" alt=\"\" class=\"wp-image-400\" srcset=\"https:\/\/le-jardin-des-bisounours.fr\/wp-content\/uploads\/2021\/02\/cropped-teddy-2468050_1920-1024x683.jpg 1024w, https:\/\/le-jardin-des-bisounours.fr\/wp-content\/uploads\/2021\/02\/cropped-teddy-2468050_1920-300x200.jpg 300w, https:\/\/le-jardin-des-bisounours.fr\/wp-content\/uploads\/2021\/02\/cropped-teddy-2468050_1920-768x512.jpg 768w, https:\/\/le-jardin-des-bisounours.fr\/wp-content\/uploads\/2021\/02\/cropped-teddy-2468050_1920-1536x1024.jpg 1536w, https:\/\/le-jardin-des-bisounours.fr\/wp-content\/uploads\/2021\/02\/cropped-teddy-2468050_1920.jpg 1920w\" sizes=\"(max-width: 1024px) 100vw, 1024px\" \/><\/figure><\/div>\n\n\n\n<p class=\"has-text-align-center\">Dans un cadre agr\u00e9able de 167 m\u00b2, nous proposons un accueil r\u00e9gulier de 3 \u00e0 5 jours par semaine, de 8h00 \u00e0 18h30. <br>Actuellement, notre capacit\u00e9 d&rsquo;accueil est de 16 enfants maximum, variant de 2,5 mois \u00e0 3 ans.<\/p>\n\n\n\n<p class=\"has-text-align-center\">Les effectifs se renouvellent r\u00e9guli\u00e8rement ; aussi, si vous recherchez un mode de garde pour votre bout &lsquo;chou, n&rsquo;h\u00e9sitez pas \u00e0 nous contacter !<br>Remplissez directement votre dossier de pr\u00e9 inscription en ligne.<br><br>En attendant bonne navigation sur notre site !<\/p>\n\n\n\n<p class=\"has-text-align-right\">Les parents et toute l&rsquo;Equipe p\u00e9dagogique.<\/p>\n","protected":false},"excerpt":{"rendered":"<p>BIENVENUE Dans un cadre agr\u00e9able de 167 m\u00b2, nous proposons un accueil r\u00e9gulier de 3 \u00e0 5 jours par semaine, de 8h00 \u00e0 18h30. Actuellement, notre capacit\u00e9 d&rsquo;accueil est de 16 enfants maximum, variant de 2,5 mois \u00e0 3 ans. [&hellip;]<\/p>\n","protected":false},"author":1,"featured_media":400,"parent":0,"menu_order":0,"comment_status":"closed","ping_status":"closed","template":"","meta":[],"_links":{"self":[{"href":"https:\/\/le-jardin-des-bisounours.fr\/index.php\/wp-json\/wp\/v2\/pages\/412"}],"collection":[{"href":"https:\/\/le-jardin-des-bisounours.fr\/index.php\/wp-json\/wp\/v2\/pages"}],"about":[{"href":"https:\/\/le-jardin-des-bisounours.fr\/index.php\/wp-json\/wp\/v2\/types\/page"}],"author":[{"embeddable":true,"href":"https:\/\/le-jardin-des-bisounours.fr\/index.php\/wp-json\/wp\/v2\/users\/1"}],"replies":[{"embeddable":true,"href":"https:\/\/le-jardin-des-bisounours.fr\/index.php\/wp-json\/wp\/v2\/comments?post=412"}],"version-history":[{"count":6,"href":"https:\/\/le-jardin-des-bisounours.fr\/index.php\/wp-json\/wp\/v2\/pages\/412\/revisions"}],"predecessor-version":[{"id":521,"href":"https:\/\/le-jardin-des-bisounours.fr\/index.php\/wp-json\/wp\/v2\/pages\/412\/revisions\/521"}],"wp:featuredmedia":[{"embeddable":true,"href":"https:\/\/le-jardin-des-bisounours.fr\/index.php\/wp-json\/wp\/v2\/media\/400"}],"wp:attachment":[{"href":"https:\/\/le-jardin-des-bisounours.fr\/index.php\/wp-json\/wp\/v2\/media?parent=412"}],"curies":[{"name":"wp","href":"https:\/\/api.w.org\/{rel}","templated":true}]}}