{"id":40,"date":"2018-12-13T12:53:56","date_gmt":"2018-12-13T11:53:56","guid":{"rendered":"https:\/\/le-jardin-des-bisounours.fr\/?page_id=40"},"modified":"2024-08-20T21:45:52","modified_gmt":"2024-08-20T19:45:52","slug":"contacts","status":"publish","type":"page","link":"https:\/\/le-jardin-des-bisounours.fr\/index.php\/contacts\/","title":{"rendered":"Contacts"},"content":{"rendered":"\n<figure class=\"wp-block-image size-large\"><img loading=\"lazy\" width=\"379\" height=\"235\" src=\"https:\/\/le-jardin-des-bisounours.fr\/wp-content\/uploads\/2024\/08\/image-2.png\" alt=\"\" class=\"wp-image-502\" srcset=\"https:\/\/le-jardin-des-bisounours.fr\/wp-content\/uploads\/2024\/08\/image-2.png 379w, https:\/\/le-jardin-des-bisounours.fr\/wp-content\/uploads\/2024\/08\/image-2-300x186.png 300w\" sizes=\"(max-width: 379px) 100vw, 379px\" \/><\/figure>\n\n\n\n<p>Merci de privil\u00e9gier les mails ou de t\u00e9l\u00e9phoner entre 14h et 15h.<br><br>Pour toute correspondance, merci de pr\u00e9ciser : <\/p>\n\n\n\n<ul><li>nom, <\/li><li>pr\u00e9nom, <\/li><li>adresse mail, <\/li><li>n\u00b0 de t\u00e9l\u00e9phone <\/li><li>pr\u00e9nom de votre enfant.<\/li><\/ul>\n\n\n\n<p>Pour toute demande d&rsquo;inscription, merci de remplir le formulaire de la page inscription.<\/p>\n","protected":false},"excerpt":{"rendered":"<p>Merci de privil\u00e9gier les mails ou de t\u00e9l\u00e9phoner entre 14h et 15h. Pour toute correspondance, merci de pr\u00e9ciser : nom, pr\u00e9nom, adresse mail, n\u00b0 de t\u00e9l\u00e9phone pr\u00e9nom de votre enfant. Pour toute demande d&rsquo;inscription, merci de remplir le formulaire de [&hellip;]<\/p>\n","protected":false},"author":1,"featured_media":0,"parent":0,"menu_order":0,"comment_status":"closed","ping_status":"closed","template":"","meta":[],"_links":{"self":[{"href":"https:\/\/le-jardin-des-bisounours.fr\/index.php\/wp-json\/wp\/v2\/pages\/40"}],"collection":[{"href":"https:\/\/le-jardin-des-bisounours.fr\/index.php\/wp-json\/wp\/v2\/pages"}],"about":[{"href":"https:\/\/le-jardin-des-bisounours.fr\/index.php\/wp-json\/wp\/v2\/types\/page"}],"author":[{"embeddable":true,"href":"https:\/\/le-jardin-des-bisounours.fr\/index.php\/wp-json\/wp\/v2\/users\/1"}],"replies":[{"embeddable":true,"href":"https:\/\/le-jardin-des-bisounours.fr\/index.php\/wp-json\/wp\/v2\/comments?post=40"}],"version-history":[{"count":11,"href":"https:\/\/le-jardin-des-bisounours.fr\/index.php\/wp-json\/wp\/v2\/pages\/40\/revisions"}],"predecessor-version":[{"id":504,"href":"https:\/\/le-jardin-des-bisounours.fr\/index.php\/wp-json\/wp\/v2\/pages\/40\/revisions\/504"}],"wp:attachment":[{"href":"https:\/\/le-jardin-des-bisounours.fr\/index.php\/wp-json\/wp\/v2\/media?parent=40"}],"curies":[{"name":"wp","href":"https:\/\/api.w.org\/{rel}","templated":true}]}}