{"id":39,"date":"2018-12-13T12:53:55","date_gmt":"2018-12-13T11:53:55","guid":{"rendered":"https:\/\/le-jardin-des-bisounours.fr\/?page_id=39"},"modified":"2025-01-05T12:37:10","modified_gmt":"2025-01-05T11:37:10","slug":"actualites","status":"publish","type":"page","link":"https:\/\/le-jardin-des-bisounours.fr\/index.php\/actualites\/","title":{"rendered":"Actualit\u00e9s"},"content":{"rendered":"\n<h1><strong>L&rsquo;ann\u00e9e 2024<\/strong><\/h1>\n\n\n\n<h2>Journ\u00e9e Portes Ouvertes : Samedi 8 f\u00e9vrier 2025 !<\/h2>\n\n\n\n<p>Vous avez besoin d&rsquo;un mode de garde pour septembre 2025 ? <\/p>\n\n\n\n<p>Venez nous (parents et professionnelles) rencontrer lors des journ\u00e9es portes ouvertes ! <\/p>\n\n\n\n<p>Prenez RDV aupr\u00e8s de la commission recrutement via ce mail : <strong>recrut.jardin.des.bisounours@gmail.com<\/strong><\/p>\n\n\n\n<div class=\"wp-block-image\"><figure class=\"aligncenter size-large is-resized\"><img loading=\"lazy\" src=\"https:\/\/le-jardin-des-bisounours.fr\/wp-content\/uploads\/2025\/01\/Green-and-Yellow-Illustration-School-Admission-Flyer-Portrait-724x1024.png\" alt=\"\" class=\"wp-image-533\" width=\"351\" height=\"496\" srcset=\"https:\/\/le-jardin-des-bisounours.fr\/wp-content\/uploads\/2025\/01\/Green-and-Yellow-Illustration-School-Admission-Flyer-Portrait-724x1024.png 724w, https:\/\/le-jardin-des-bisounours.fr\/wp-content\/uploads\/2025\/01\/Green-and-Yellow-Illustration-School-Admission-Flyer-Portrait-212x300.png 212w, https:\/\/le-jardin-des-bisounours.fr\/wp-content\/uploads\/2025\/01\/Green-and-Yellow-Illustration-School-Admission-Flyer-Portrait-768x1086.png 768w, https:\/\/le-jardin-des-bisounours.fr\/wp-content\/uploads\/2025\/01\/Green-and-Yellow-Illustration-School-Admission-Flyer-Portrait-1086x1536.png 1086w, https:\/\/le-jardin-des-bisounours.fr\/wp-content\/uploads\/2025\/01\/Green-and-Yellow-Illustration-School-Admission-Flyer-Portrait.png 1414w\" sizes=\"(max-width: 351px) 100vw, 351px\" \/><\/figure><\/div>\n\n\n\n<h2>Forum des associations de Longpont : 7 septembre 2024<\/h2>\n\n\n\n<p>Les parents de la cr\u00e8che seront pr\u00e9sents le samedi 7 septembre 2024 au forum des associations au gymnase des Garences de Longpont-sur-Orge pour r\u00e9pondre \u00e0 vos questions. Des coloriages seront mis \u00e0 disposition de vos enfants pendant que nous papoterons.<\/p>\n\n\n\n<h2>La journ\u00e9e camping<\/h2>\n\n\n\n<p>Depuis 2 ans maintenant, \u00e0 l&rsquo;initiative de Marine, une journ\u00e9e camping dans le jardin de la cr\u00e8che est organis\u00e9e aux beaux jours. Cette ann\u00e9e, elle a eu lieu en juillet (la m\u00e9t\u00e9o fut capricieuse&#8230;). Les enfants ont pass\u00e9s la journ\u00e9e dehors. Ils ont jou\u00e9, mang\u00e9 et ont m\u00eame fait un gros dodo sous des tentes (la fameuse \u00ab\u00a0sieste nordique\u00a0\u00bb, le froid en moins).<\/p>\n\n\n\n<h2>La f\u00eate de la cr\u00e8che<\/h2>\n\n\n\n<div class=\"wp-block-image\"><figure class=\"aligncenter size-large is-resized\"><img loading=\"lazy\" src=\"https:\/\/le-jardin-des-bisounours.fr\/wp-content\/uploads\/2024\/08\/image-3.png\" alt=\"\" class=\"wp-image-512\" width=\"363\" height=\"519\" srcset=\"https:\/\/le-jardin-des-bisounours.fr\/wp-content\/uploads\/2024\/08\/image-3.png 438w, https:\/\/le-jardin-des-bisounours.fr\/wp-content\/uploads\/2024\/08\/image-3-210x300.png 210w\" sizes=\"(max-width: 363px) 100vw, 363px\" \/><\/figure><\/div>\n\n\n\n<p>Le vendredi 21 juin a eu lieu la f\u00eate de la cr\u00e8che dans le jardin. Les nouveaux parents, les parents actuels et les anciens \u00e9taient convi\u00e9s ainsi que nos partenaires.<\/p>\n\n\n\n<p>Au programme : maquillage, jeu gonflable, chamboule-tout, p\u00eache \u00e0 la ligne&#8230;<\/p>\n\n\n\n<p>F\u00eate de la musique oblige, certains parents ont anim\u00e9 un temps musical avec leurs instruments. <\/p>\n\n\n\n<h2>Les matin\u00e9es au gymnase<\/h2>\n\n\n\n<p>Les vendredis matins, les enfants sont enchant\u00e9s de se rendre \u00e0 pied au gymnase des Garences, en face de la cr\u00e8che et de profiter des installations mis \u00e0 disposition par la Mairie de Longpont-sur-Orge. Tapis, cerceaux, massues, ballons&#8230;. Une chose est s\u00fbre : ils ne s&rsquo;ennuient pas !<\/p>\n\n\n\n<h2>Le partenariat interg\u00e9n\u00e9rationnel<\/h2>\n\n\n\n<p>Gr\u00e2ce \u00e0 notre partenariat interg\u00e9n\u00e9rationnel avec l&rsquo;association H\u00f4pital Priv\u00e9 G\u00e9riatrique <em>Les Magnolias<\/em>, les enfants sont rejoints une semaine sur deux par un groupe d&rsquo;usagers de l&rsquo;accueil de jour des Magnolias afin de d\u00e9velopper le lien social et de favoriser la transmission de savoirs et de savoir-faire.<\/p>\n\n\n\n<h2>La m\u00e9diation animale<\/h2>\n\n\n\n<p>Elodie, zooth\u00e9rapeute, nous propose des animations d&rsquo;activit\u00e9s th\u00e9rapeutiques et d&rsquo;\u00e9veil associant les animaux et des activit\u00e9s d&rsquo;\u00e9veil \u00e0 la nature selon la p\u00e9dagogie Montessori \u00e0 raison de deux fois par mois. Au programme : approche et contacts progressifs avec les animaux, ateliers moteurs, ateliers sensori-moteurs, ateliers perceptivo-moteurs, ateliers m\u00e9moire, ateliers cr\u00e9atifs et ludiques.<\/p>\n\n\n\n<p>Dites bonjour aux deux lapins : Chocolat et Caramel ainsi qu&rsquo;au poney : Ast\u00e9rix ! <\/p>\n\n\n\n<h2>La sortie \u00e0 la ferme<\/h2>\n\n\n\n<p>Pour ravir les petits (et les grands), une sortie \u00e0 la ferme de Cheptainville a \u00e9t\u00e9 organis\u00e9e. On part, accompagn\u00e9s par les parents volontaires, \u00e0 la d\u00e9couverte des animaux de la ferme ! On les caresse, on leur donne \u00e0 manger, on s&rsquo;y attache et on leur dit au revoir pour faire&#8230;un gros dodo!<\/p>\n\n\n\n<h2>La sortie \u00e0 la cueillette de Torfou<\/h2>\n\n\n\n<p>Chaque ann\u00e9e, une sortie \u00e0 la cueillette de Torfou s&rsquo;impose ! On enfile les bottes, le manteau et c&rsquo;est parti. Sur place, certains enfants prennent place dans des brouettes conduites par les professionnelles et les parents accompagnateurs tandis que d&rsquo;autres enfants conduisent les petites brouettes mises \u00e0 disposition \u00e0 la cueillette. <\/p>\n\n\n\n<p>La r\u00e9colte fut bonne ! Mais \u00e7a creuse quand m\u00eame de cueillir les fruits et les l\u00e9gumes alors un dernier arr\u00eat au parc de Lardy pour pique-niquer et c&rsquo;est parti pour un gros dodo \u00e0 la cr\u00e8che (qui commence d\u00e9j\u00e0 dans la voiture) !<\/p>\n\n\n\n<h2>Bonne ann\u00e9e !<\/h2>\n\n\n\n<figure class=\"wp-block-image size-large is-resized\"><img loading=\"lazy\" src=\"https:\/\/le-jardin-des-bisounours.fr\/wp-content\/uploads\/2024\/08\/image-4.png\" alt=\"\" class=\"wp-image-513\" width=\"636\" height=\"477\" srcset=\"https:\/\/le-jardin-des-bisounours.fr\/wp-content\/uploads\/2024\/08\/image-4.png 834w, https:\/\/le-jardin-des-bisounours.fr\/wp-content\/uploads\/2024\/08\/image-4-300x225.png 300w, https:\/\/le-jardin-des-bisounours.fr\/wp-content\/uploads\/2024\/08\/image-4-768x576.png 768w\" sizes=\"(max-width: 636px) 100vw, 636px\" \/><\/figure>\n\n\n\n<h1><strong>L&rsquo;ann\u00e9e 2023<\/strong><\/h1>\n\n\n\n<h2>La f\u00eate de fin d&rsquo;ann\u00e9e<\/h2>\n\n\n\n<div class=\"wp-block-image\"><figure class=\"aligncenter size-large is-resized\"><img loading=\"lazy\" src=\"https:\/\/le-jardin-des-bisounours.fr\/wp-content\/uploads\/2024\/08\/image-5.png\" alt=\"\" class=\"wp-image-515\" width=\"375\" height=\"530\" srcset=\"https:\/\/le-jardin-des-bisounours.fr\/wp-content\/uploads\/2024\/08\/image-5.png 480w, https:\/\/le-jardin-des-bisounours.fr\/wp-content\/uploads\/2024\/08\/image-5-212x300.png 212w\" sizes=\"(max-width: 375px) 100vw, 375px\" \/><\/figure><\/div>\n\n\n\n<h2>Les papottes<\/h2>\n\n\n\n<div class=\"wp-block-image\"><figure class=\"aligncenter size-large is-resized\"><img loading=\"lazy\" src=\"https:\/\/le-jardin-des-bisounours.fr\/wp-content\/uploads\/2024\/08\/image-6.png\" alt=\"\" class=\"wp-image-517\" width=\"384\" height=\"541\" srcset=\"https:\/\/le-jardin-des-bisounours.fr\/wp-content\/uploads\/2024\/08\/image-6.png 440w, https:\/\/le-jardin-des-bisounours.fr\/wp-content\/uploads\/2024\/08\/image-6-213x300.png 213w\" sizes=\"(max-width: 384px) 100vw, 384px\" \/><\/figure><\/div>\n\n\n\n<h1><strong>L&rsquo;ann\u00e9e 2022<\/strong><\/h1>\n\n\n\n<h1><strong>L&rsquo;ann\u00e9e 2021<\/strong><\/h1>\n\n\n\n<h2>La kermesse : <\/h2>\n\n\n\n<p>Notre kermesse a \u00e9t\u00e9 un succ\u00e8s malgr\u00e9 le temps mitig\u00e9!<br>Merci \u00e0 tous pour votre visite et votre participation!<br>Nous tenons \u00e0 adresser un merci tout particulier au Chalet du Lac de Saint-Michel-sur-Orge pour sa pr\u00e9sence et ses d\u00e9licieuses gourmandises, \u00e0 Lirot Halles pour sa superbe participation \u00e0 notre tombola, ainsi qu&rsquo;\u00e0 Babybio et Intermarch\u00e9 Longpont-sur-Orge pour leurs nombreux lots!<br>Nous vous disons \u00e0 l&rsquo;ann\u00e9e prochaine!<\/p>\n\n\n\n<div class=\"wp-block-image\"><figure class=\"aligncenter size-large is-resized\"><img loading=\"lazy\" src=\"https:\/\/le-jardin-des-bisounours.fr\/wp-content\/uploads\/2021\/08\/IMG-20210714-WA0011-1024x768.jpg\" alt=\"\" class=\"wp-image-491\" width=\"467\" height=\"350\" srcset=\"https:\/\/le-jardin-des-bisounours.fr\/wp-content\/uploads\/2021\/08\/IMG-20210714-WA0011-1024x768.jpg 1024w, https:\/\/le-jardin-des-bisounours.fr\/wp-content\/uploads\/2021\/08\/IMG-20210714-WA0011-300x225.jpg 300w, https:\/\/le-jardin-des-bisounours.fr\/wp-content\/uploads\/2021\/08\/IMG-20210714-WA0011-768x576.jpg 768w, https:\/\/le-jardin-des-bisounours.fr\/wp-content\/uploads\/2021\/08\/IMG-20210714-WA0011-1536x1152.jpg 1536w, https:\/\/le-jardin-des-bisounours.fr\/wp-content\/uploads\/2021\/08\/IMG-20210714-WA0011.jpg 1600w\" sizes=\"(max-width: 467px) 100vw, 467px\" \/><\/figure><\/div>\n\n\n\n<div class=\"wp-block-image\"><figure class=\"aligncenter size-large is-resized\"><img loading=\"lazy\" src=\"https:\/\/le-jardin-des-bisounours.fr\/wp-content\/uploads\/2021\/08\/IMG-20210714-WA0010-1024x768.jpg\" alt=\"\" class=\"wp-image-492\" width=\"468\" height=\"351\" srcset=\"https:\/\/le-jardin-des-bisounours.fr\/wp-content\/uploads\/2021\/08\/IMG-20210714-WA0010-1024x768.jpg 1024w, https:\/\/le-jardin-des-bisounours.fr\/wp-content\/uploads\/2021\/08\/IMG-20210714-WA0010-300x225.jpg 300w, https:\/\/le-jardin-des-bisounours.fr\/wp-content\/uploads\/2021\/08\/IMG-20210714-WA0010-768x576.jpg 768w, https:\/\/le-jardin-des-bisounours.fr\/wp-content\/uploads\/2021\/08\/IMG-20210714-WA0010-1536x1152.jpg 1536w, https:\/\/le-jardin-des-bisounours.fr\/wp-content\/uploads\/2021\/08\/IMG-20210714-WA0010.jpg 1600w\" sizes=\"(max-width: 468px) 100vw, 468px\" \/><\/figure><\/div>\n\n\n\n<div class=\"wp-block-image\"><figure class=\"aligncenter size-large is-resized\"><img loading=\"lazy\" src=\"https:\/\/le-jardin-des-bisounours.fr\/wp-content\/uploads\/2021\/08\/FB_IMG_1628166361171.jpg\" alt=\"\" class=\"wp-image-490\" width=\"275\" height=\"357\" srcset=\"https:\/\/le-jardin-des-bisounours.fr\/wp-content\/uploads\/2021\/08\/FB_IMG_1628166361171.jpg 617w, https:\/\/le-jardin-des-bisounours.fr\/wp-content\/uploads\/2021\/08\/FB_IMG_1628166361171-232x300.jpg 232w\" sizes=\"(max-width: 275px) 100vw, 275px\" \/><\/figure><\/div>\n\n\n\n<figure class=\"wp-block-image size-large is-resized\"><img loading=\"lazy\" src=\"https:\/\/le-jardin-des-bisounours.fr\/wp-content\/uploads\/2021\/08\/telechargement.png\" alt=\"\" class=\"wp-image-494\" width=\"152\" height=\"30\" srcset=\"https:\/\/le-jardin-des-bisounours.fr\/wp-content\/uploads\/2021\/08\/telechargement.png 509w, https:\/\/le-jardin-des-bisounours.fr\/wp-content\/uploads\/2021\/08\/telechargement-300x58.png 300w, https:\/\/le-jardin-des-bisounours.fr\/wp-content\/uploads\/2021\/08\/telechargement-500x99.png 500w\" sizes=\"(max-width: 152px) 100vw, 152px\" \/><\/figure>\n\n\n\n<figure class=\"wp-block-image size-large is-resized\"><img loading=\"lazy\" src=\"https:\/\/le-jardin-des-bisounours.fr\/wp-content\/uploads\/2021\/08\/BABYBIO_Logo-quadri-1024x511.png\" alt=\"\" class=\"wp-image-493\" width=\"94\" height=\"47\" srcset=\"https:\/\/le-jardin-des-bisounours.fr\/wp-content\/uploads\/2021\/08\/BABYBIO_Logo-quadri-1024x511.png 1024w, https:\/\/le-jardin-des-bisounours.fr\/wp-content\/uploads\/2021\/08\/BABYBIO_Logo-quadri-300x150.png 300w, https:\/\/le-jardin-des-bisounours.fr\/wp-content\/uploads\/2021\/08\/BABYBIO_Logo-quadri-768x383.png 768w, https:\/\/le-jardin-des-bisounours.fr\/wp-content\/uploads\/2021\/08\/BABYBIO_Logo-quadri-1536x767.png 1536w, https:\/\/le-jardin-des-bisounours.fr\/wp-content\/uploads\/2021\/08\/BABYBIO_Logo-quadri.png 2013w\" sizes=\"(max-width: 94px) 100vw, 94px\" \/><\/figure>\n\n\n\n<figure class=\"wp-block-image size-large is-resized\"><img loading=\"lazy\" src=\"https:\/\/le-jardin-des-bisounours.fr\/wp-content\/uploads\/2021\/08\/FB_IMG_1628166366445.jpg\" alt=\"\" class=\"wp-image-487\" width=\"88\" height=\"88\" srcset=\"https:\/\/le-jardin-des-bisounours.fr\/wp-content\/uploads\/2021\/08\/FB_IMG_1628166366445.jpg 225w, https:\/\/le-jardin-des-bisounours.fr\/wp-content\/uploads\/2021\/08\/FB_IMG_1628166366445-150x150.jpg 150w\" sizes=\"(max-width: 88px) 100vw, 88px\" \/><\/figure>\n\n\n\n<p>Priv\u00e9s de sorties \u00e0 cause du Covid, cette ann\u00e9e les enfants n&rsquo;ont pas pu faire beaucoup de sorties mais gr\u00e2ce aux lev\u00e9es des restrictions sanitaires nous sommes fi\u00e8re de pouvoir organiser notre premi\u00e8re kermesse.<\/p>\n\n\n\n<div class=\"wp-block-image\"><figure class=\"aligncenter size-large is-resized\"><img loading=\"lazy\" src=\"https:\/\/le-jardin-des-bisounours.fr\/wp-content\/uploads\/2021\/06\/Affiche-42x59.4-\u0441m-2-724x1024.png\" alt=\"\" class=\"wp-image-482\" width=\"455\" height=\"644\" srcset=\"https:\/\/le-jardin-des-bisounours.fr\/wp-content\/uploads\/2021\/06\/Affiche-42x59.4-\u0441m-2-724x1024.png 724w, https:\/\/le-jardin-des-bisounours.fr\/wp-content\/uploads\/2021\/06\/Affiche-42x59.4-\u0441m-2-212x300.png 212w, https:\/\/le-jardin-des-bisounours.fr\/wp-content\/uploads\/2021\/06\/Affiche-42x59.4-\u0441m-2-768x1086.png 768w, https:\/\/le-jardin-des-bisounours.fr\/wp-content\/uploads\/2021\/06\/Affiche-42x59.4-\u0441m-2-1087x1536.png 1087w, https:\/\/le-jardin-des-bisounours.fr\/wp-content\/uploads\/2021\/06\/Affiche-42x59.4-\u0441m-2-1449x2048.png 1449w, https:\/\/le-jardin-des-bisounours.fr\/wp-content\/uploads\/2021\/06\/Affiche-42x59.4-\u0441m-2.png 1547w\" sizes=\"(max-width: 455px) 100vw, 455px\" \/><\/figure><\/div>\n\n\n\n<h1><strong>L&rsquo;ann\u00e9e 2018<\/strong><\/h1>\n\n\n<p>Pour cette nouvelle ann\u00e9e, l\u2019\u00e9quipe a choisi de travailler sur le th\u00e8me des fruits et l\u00e9gumes. Des livres \u00e0 la biblioth\u00e8que viendrons illustrer ce th\u00e8me. Nous avons d\u2019ailleurs pr\u00e9vu plusieurs sorties et activit\u00e9s pour explorer les connaissances de vos enfants.<\/p>\n<p>Il est donc pr\u00e9vu une sortie \u00e0 la cueillette de Torfou, plusieurs ateliers culinaire ainsi que la cr\u00e9ation d&rsquo;un potager au sein de la cr\u00e8che. Notre cr\u00e8che participera, cette ann\u00e9e encore \u00e0 la semaine du g\u00f4ut. Semaine pendant laquelle les enfants d\u00e9couvriront, aux moyens de repas pr\u00e9par\u00e9s par la cuisine centrale, ainsi que divers ateliers propos\u00e9s par notre \u00e9quipe, de nombreux produits peu connus ou employ\u00e9s au quotidien.<\/p>\n\n\n<h2>La sortie \u00e0 la cueillette de Torfou<\/h2>\n\n\n\n<p>Courant Septembre, nous avons \u00e9t\u00e9 \u00e0 la cueillette de Torfou pour le plaisir de tous ! Les plus gourmands ont pu cueillir et manger directement leur r\u00e9colte. Heureusement, nous avons pu apporter des provisions \u00e0 la cr\u00e8che afin de d\u00e9guster des salades de fruits et de la soupe qui a eu un franc succ\u00e8s.<br><\/p>\n\n\n\n<h2>Les rencontres avec le RAM<\/h2>\n\n\n\n<p>D\u00e9but Octobre, nous avons repris les rencontres au gymnase du vendredi matin avec le RAM. Ces moments permettent \u00e0 vos enfants de rencontrer d\u2019autres enfants et professionnels, de se d\u00e9fouler et d\u2019explorer plein de nouveaux ateliers moteurs (grimper, sauter, faire rouler des ballons, passer en dessous de cerceaux\/ponts, rentrer dans un tunnel, etc.).Ces rencontres auront lieu tout au long de l\u2019ann\u00e9e, deux fois par mois. <br><\/p>\n\n\n\n<h2>Sortie au conservatoire<\/h2>\n\n\n\n<p>Mi-octobre, les grands ont pu se rendre au conservatoire de Longpont (toujours en partenariat avec le RAM). Durant 1 heure, ils ont profit\u00e9 de d\u00e9couvertes sonores et musicales. <br>Nous avons \u00e9cout\u00e9 les bruits de l\u2019automne puis les enfants ont exp\u00e9riment\u00e9 par eux-m\u00eames (par exemple, le bruit du marron lorsqu\u2019il tombe sur le sol). <br>Ils ont dans\u00e9, \u00e9cout\u00e9 des musiques de Vivaldi et les bruits des animaux (livres sonores). <br>Des petites comptines sont chant\u00e9es en d\u00e9but et fin de s\u00e9ance afin de mettre en place un rituel de bienvenue et d\u2019au revoir. <br>Une rencontre avant chaque p\u00e9riode de vacances scolaires sera organis\u00e9e cette ann\u00e9e. <\/p>\n\n\n\n<h2>La f\u00eate d&rsquo;Halloween<\/h2>\n\n\n<p>Le 31 octobre a eu lieu la fameuse f\u00eate d\u2019Halloween. La cr\u00e8che a pris son allure la plus effrayante possible et vos enfants ont pr\u00e9par\u00e9 et d\u00e9gust\u00e9 de d\u00e9licieuses cr\u00e9ations telles que les doigts de sorci\u00e8re ou encore des cupcakes aux couleurs attrayantes. Bien entendu, ils ont \u00e9galement particip\u00e9 \u00e0 la d\u00e9coration de la cr\u00e8che en r\u00e9alisant des chats noirs, des citrouilles qui surveillaient la porte d\u2019entr\u00e9e et des fant\u00f4mes pour hanter notre couloir. <br>Merci \u00e0 tous d\u2019avoir jou\u00e9 le jeu du d\u00e9guisement ! La f\u00eate a \u00e9t\u00e9 une vraie r\u00e9ussite.<\/p>\n\n\n<h2>Le P\u00e8re No\u00ebl<\/h2>\n\n\n\n<p>Nous avons c\u00e9l\u00e9br\u00e9 les f\u00eates de  fin d\u2019ann\u00e9e comme il se doit en organisant une f\u00eate lors de laquelle le P\u00e8re No\u00ebl nous a rendu visite. Nous avons pu partager les mets pr\u00e9par\u00e9s par parents et professionnelles de la cr\u00e8che avant d&rsquo;ouvrir les cadeaux distribu\u00e9s par le P\u00e8re No\u00ebl. <\/p>\n\n\n\n<figure class=\"wp-block-image\"><img loading=\"lazy\" width=\"1024\" height=\"676\" src=\"https:\/\/le-jardin-des-bisounours.fr\/wp-content\/uploads\/2018\/12\/christmas-1831836_1920-1024x676.jpg\" alt=\"\" class=\"wp-image-167\" srcset=\"https:\/\/le-jardin-des-bisounours.fr\/wp-content\/uploads\/2018\/12\/christmas-1831836_1920-1024x676.jpg 1024w, https:\/\/le-jardin-des-bisounours.fr\/wp-content\/uploads\/2018\/12\/christmas-1831836_1920-300x198.jpg 300w, https:\/\/le-jardin-des-bisounours.fr\/wp-content\/uploads\/2018\/12\/christmas-1831836_1920-768x507.jpg 768w, https:\/\/le-jardin-des-bisounours.fr\/wp-content\/uploads\/2018\/12\/christmas-1831836_1920.jpg 1920w\" sizes=\"(max-width: 1024px) 100vw, 1024px\" \/><\/figure>\n\n\n\n<h2>Le carnaval<\/h2>\n\n\n\n<p>Enfants et parents \u00e9taient invit\u00e9s \u00e0 se d\u00e9guis\u00e9s pour venir prendre le go\u00fbter \u00e0 la cr\u00e8che ce mercredi 6 mars. <\/p>\n\n\n\n<p>Le 30 mars, nous rejoindrons le d\u00e9fil\u00e9 d\u00e9guis\u00e9, organis\u00e9 par la commune, chevauchant nos v\u00e9los et poussettes d\u00e9cor\u00e9s par les enfants sur le th\u00e8me de la nature.<\/p>\n","protected":false},"excerpt":{"rendered":"<p>L&rsquo;ann\u00e9e 2024 Journ\u00e9e Portes Ouvertes : Samedi 8 f\u00e9vrier 2025 ! Vous avez besoin d&rsquo;un mode de garde pour septembre 2025 ? Venez nous (parents et professionnelles) rencontrer lors des journ\u00e9es portes ouvertes ! Prenez RDV aupr\u00e8s de la commission [&hellip;]<\/p>\n","protected":false},"author":1,"featured_media":0,"parent":0,"menu_order":0,"comment_status":"closed","ping_status":"closed","template":"","meta":[],"_links":{"self":[{"href":"https:\/\/le-jardin-des-bisounours.fr\/index.php\/wp-json\/wp\/v2\/pages\/39"}],"collection":[{"href":"https:\/\/le-jardin-des-bisounours.fr\/index.php\/wp-json\/wp\/v2\/pages"}],"about":[{"href":"https:\/\/le-jardin-des-bisounours.fr\/index.php\/wp-json\/wp\/v2\/types\/page"}],"author":[{"embeddable":true,"href":"https:\/\/le-jardin-des-bisounours.fr\/index.php\/wp-json\/wp\/v2\/users\/1"}],"replies":[{"embeddable":true,"href":"https:\/\/le-jardin-des-bisounours.fr\/index.php\/wp-json\/wp\/v2\/comments?post=39"}],"version-history":[{"count":17,"href":"https:\/\/le-jardin-des-bisounours.fr\/index.php\/wp-json\/wp\/v2\/pages\/39\/revisions"}],"predecessor-version":[{"id":534,"href":"https:\/\/le-jardin-des-bisounours.fr\/index.php\/wp-json\/wp\/v2\/pages\/39\/revisions\/534"}],"wp:attachment":[{"href":"https:\/\/le-jardin-des-bisounours.fr\/index.php\/wp-json\/wp\/v2\/media?parent=39"}],"curies":[{"name":"wp","href":"https:\/\/api.w.org\/{rel}","templated":true}]}}