{"id":237,"date":"2018-12-16T23:39:15","date_gmt":"2018-12-16T22:39:15","guid":{"rendered":"https:\/\/le-jardin-des-bisounours.fr\/?page_id=237"},"modified":"2024-11-10T10:09:39","modified_gmt":"2024-11-10T09:09:39","slug":"le-fonctionnement-de-la-creche","status":"publish","type":"page","link":"https:\/\/le-jardin-des-bisounours.fr\/index.php\/le-fonctionnement-de-la-creche\/","title":{"rendered":"Le fonctionnement"},"content":{"rendered":"\n<h3><strong>GESTION DE LA CRECHE<\/strong><br><\/h3>\n\n\n\n<p>La gestion de la cr\u00e8che est confi\u00e9e \u00e0 un Bureau, compos\u00e9 d&rsquo;un pr\u00e9sident, d&rsquo;un vice pr\u00e9sident, d&rsquo;un tr\u00e9sorier, d&rsquo;un vice-tr\u00e9sorier et d&rsquo;un secr\u00e9taire.<br>Avec le Conseil d&rsquo;Administration (compos\u00e9 de tous les parents dont les enfants sont inscrits \u00e0 la cr\u00e8che), ils ont en charge la responsabilit\u00e9 financi\u00e8re, civile, p\u00e9nale, administrative et morale de la cr\u00e8che.<br>Chaque grande d\u00e9cision ou orientation est soumise au vote durant une Assembl\u00e9e G\u00e9n\u00e9rale avec la consultation de l&rsquo;\u00e9quipe technique ; l&rsquo;int\u00e9r\u00eat du \u00ab\u00a0tout-petit\u00a0\u00bb \u00e9tant toujours plac\u00e9 au c\u0153ur de toutes les d\u00e9cisions.<br>La stabilit\u00e9 et la fiabilit\u00e9 du Bureau est primordiale pour la p\u00e9rennit\u00e9 de la cr\u00e8che. C&rsquo;est pourquoi la transmission des acquis et des informations est importante entre les anciens et les nouveaux membres du Bureau.<br><\/p>\n\n\n\n<div class=\"wp-block-image\"><figure class=\"aligncenter size-large is-resized\"><img loading=\"lazy\" src=\"https:\/\/le-jardin-des-bisounours.fr\/wp-content\/uploads\/2024\/08\/image-1-1024x479.png\" alt=\"\" class=\"wp-image-500\" width=\"622\" height=\"290\" srcset=\"https:\/\/le-jardin-des-bisounours.fr\/wp-content\/uploads\/2024\/08\/image-1-1024x479.png 1024w, https:\/\/le-jardin-des-bisounours.fr\/wp-content\/uploads\/2024\/08\/image-1-300x140.png 300w, https:\/\/le-jardin-des-bisounours.fr\/wp-content\/uploads\/2024\/08\/image-1.png 1085w\" sizes=\"(max-width: 622px) 100vw, 622px\" \/><\/figure><\/div>\n\n\n\n<p><\/p>\n\n\n\n<p>L&rsquo;\u00e9quipe technique est responsable&nbsp;des fonctions qui lui sont attribu\u00e9es dans leur contrat de travail et par l&rsquo;agr\u00e9ment du conseil g\u00e9n\u00e9ral (PMI).<br><\/p>\n\n\n\n<h3><strong>L&rsquo;EQUIPE PEDAGOGIQUE<\/strong><br><\/h3>\n\n\n\n<p>L&rsquo;\u00e9quipe p\u00e9dagogique repr\u00e9sente une r\u00e9f\u00e9rence psychoaffective stable pour chaque enfant et l&rsquo;aide ainsi \u00e0 se rep\u00e9rer face \u00e0 la multitude d&rsquo;adultes. Elle veille \u00e0 la mise en \u0153uvre des d\u00e9cisions prises en commun, au respect du rythme de chaque enfant, \u00e0 appliquer les consignes les concernant (soins, traitements\u2026), et \u00e0 assurer le relais entre parents. Elle est garante du projet \u00e9ducatif et p\u00e9dagogique de l&rsquo;association.<br>A l&rsquo;heure actuelle, le personnel permanent de la cr\u00e8che se compose de :<br><\/p>\n\n\n\n<p><strong>Alexandra<\/strong>    &#8211;    responsable technique \u00e9ducateur de jeunes enfants<br><strong>Amandine<\/strong>    &#8211;    \u00e9ducatrice de jeunes enfants<br><strong>Marine<\/strong>         &#8211;         auxiliaire de pu\u00e9riculture<br><strong>Ludivine<\/strong>       &#8211;       auxiliaire de petite enfance<br><strong>Emma<\/strong>          &#8211;           apprentie \u00e9ducatrice de jeunes enfants<br><strong>Fatou<\/strong>           &#8211;            agent polyvalent<br><\/p>\n\n\n\n<p><\/p>\n\n\n\n<p><\/p>\n\n\n\n<h3><strong>LES PARENTS<\/strong><br><\/h3>\n\n\n\n<h4>Participations parentales en tant qu&rsquo;intervenant aupr\u00e8s des enfants&nbsp;:<br><\/h4>\n\n\n\n<p>La cr\u00e8che parentale est un lieu d&rsquo;accueil n\u00e9cessitant une disponibilit\u00e9 importante des parents. La contrepartie de cet investissement est la possibilit\u00e9 de vivre une exp\u00e9rience enrichissante pour l&rsquo;enfant comme pour les parents.<br><\/p>\n\n\n\n<p>Chaque parent est tenu de respecter 3 heures de permanence par semaine. Les horaires sont d\u00e9finis \u00e0 l&rsquo;inscription suivant les disponibilit\u00e9s des parents, en accord avec le planning en cours.<br><\/p>\n\n\n\n<p>Pendant les heures de permanences, avec l&rsquo;appui et les conseils de l&rsquo;\u00e9quipe, le parent s&rsquo;investit dans la vie de la cr\u00e8che : jeux, lecture, chansons, go\u00fbter, respect du calme et de la bonne convivialit\u00e9&#8230;, selon les r\u00e8gles de vie appropri\u00e9es aux enfants. C&rsquo;est dans ce sens que parents et professionnels deviennent co-\u00e9ducateurs de tous les enfants pr\u00e9sents \u00e0 la cr\u00e8che.<br><\/p>\n\n\n\n<p>Il participe \u00e9galement aux petites t\u00e2ches essentielles de la cr\u00e8che : vider le s\u00e8che-linge, le lave-vaisselle, mettre en route des machines \u00e0 laver le linge, ranger et plier le linge, nettoyer les tables et chaises, sortir les poubelles&#8230;<br><\/p>\n\n\n\n<h4>Participation au fonctionnement&nbsp;:<br><\/h4>\n\n\n\n<p>Les parents doivent assurer la gestion administrative, financi\u00e8re et sociale de la cr\u00e8che. Chaque parent \u00e0 son r\u00f4le \u00e0 jouer dans les \u00e9lections des membres du Bureau.<br><br>En tant que membre de l&rsquo;association, les parents se doivent de participer \u00e0 chaque Assembl\u00e9e G\u00e9n\u00e9rale, qui a lieu au moins 2 fois par an.<br><\/p>\n\n\n\n<p>Tous les 2 \u00e0 3 mois, suivant un planning hebdomadaire \u00e9tabli, chaque famille doit faire les courses de la cr\u00e8che (rembours\u00e9es bien entendu), et doit effectuer quelques heures de m\u00e9nage suivant des normes d&rsquo;hygi\u00e8nes strictes.<br><\/p>\n\n\n\n<p>Les parents sont convi\u00e9s \u00e0 participer au bon d\u00e9veloppement et au bon fonctionnement de la vie de la cr\u00e8che, en int\u00e9grant des commissions : jardinage-bricolage \/ recrutement \/ communication-informatique \/ enfance-festivit\u00e9s<br><\/p>\n\n\n\n<div class=\"wp-block-image\"><figure class=\"aligncenter size-large is-resized\"><img loading=\"lazy\" src=\"https:\/\/le-jardin-des-bisounours.fr\/wp-content\/uploads\/2024\/08\/image.png\" alt=\"\" class=\"wp-image-499\" width=\"344\" height=\"335\" srcset=\"https:\/\/le-jardin-des-bisounours.fr\/wp-content\/uploads\/2024\/08\/image.png 716w, https:\/\/le-jardin-des-bisounours.fr\/wp-content\/uploads\/2024\/08\/image-300x292.png 300w\" sizes=\"(max-width: 344px) 100vw, 344px\" \/><\/figure><\/div>\n\n\n\n<p>A titre occasionnel, ils sont invit\u00e9s \u00e0 apporter leurs contributions \u00e0 diff\u00e9rents \u00e9v\u00e8nements de la cr\u00e8che : f\u00eates de No\u00ebl, barbecue d&rsquo;\u00e9t\u00e9, sorties&#8230;<br><\/p>\n\n\n\n<h4>La liaison<br><\/h4>\n\n\n\n<p>La communication se fait principalement au moment des transmissions, mais aussi par affichage :<br><\/p>\n\n\n\n<p>\u2022 planning (hebdomadaire ou mensuel) des participations parentales,<br>\u2022 informations pratiques sur un tableau de liaison,<br>\u2022 sur un cahier : transmissions des informations sur la journ\u00e9e de l&rsquo;enfant.<br><\/p>\n\n\n\n<h3><strong>LES MOYENS FINANCIERS<\/strong><br><\/h3>\n\n\n\n<h4>Les ressources de l&rsquo;association se composent des :<br><\/h4>\n\n\n\n<p>\u2022 cotisations et mensualit\u00e9s des parents membres en fonction du bar\u00e8me de la PSU,<br>\u2022 subventions de fonctionnement et d&rsquo;investissement : de la Caisse des Allocations Familiales et de la PMI en proportion des heures de gardes d\u00e9clar\u00e9es. Et de la municipalit\u00e9 avec qui l&rsquo;association a conclu une convention d&rsquo;objectifs qui permet de subventionner une partie des activit\u00e9s de la cr\u00e8che (les locaux, l&rsquo;\u00e9lectricit\u00e9, l&rsquo;eau, le repas&#8230;)<br><\/p>\n\n\n\n<h3><strong>LES PARTENAIRES<\/strong><br><\/h3>\n\n\n\n<p>La Mairie de Longpont-sur-Orge &#8211;&nbsp;<a href=\"http:\/\/www.mairie-longpont91.fr\/\">http:\/\/www.mairie-longpont91.fr<\/a><br><\/p>\n\n\n\n<figure class=\"wp-block-image is-resized\"><img loading=\"lazy\" src=\"https:\/\/www.mairie-longpont91.fr\/app\/themes\/stratis-site\/images\/logo.svg\" alt=\"Mairie de Longpont-sur-Orge\" width=\"54\" height=\"26\"\/><\/figure>\n\n\n\n<p>La CAF &#8211; Caisse des Allocations Familiales &#8211;&nbsp;<a href=\"http:\/\/www.caf.fr\/\">http:\/\/www.caf.fr<\/a><\/p>\n\n\n\n<figure class=\"wp-block-image is-resized\"><img loading=\"lazy\" src=\"https:\/\/www.caf.fr\/themes\/custom\/caf_bootstrap4\/images\/icones\/logoCNAF.png\" alt=\"Allocation familiale - Retour \u00e0 l'accueil\" width=\"52\" height=\"52\"\/><\/figure>\n\n\n\n<p>L&rsquo;ACEPP &#8211; Association des Collectifs Enfants \u2013 Parents &#8211; Professionnels &#8211;&nbsp;<a href=\"http:\/\/www.acepp.asso.fr\/\">http:\/\/www.acepp.asso.fr<\/a><\/p>\n\n\n\n<figure class=\"wp-block-image is-resized\"><img loading=\"lazy\" src=\"https:\/\/www.acepp.asso.fr\/wp-content\/uploads\/2024\/07\/LOGO-SIGNATURE-20-cm-HD-01.png\" alt=\"ACEPP\" width=\"95\" height=\"59\"\/><\/figure>\n\n\n\n<p>La MSA &#8211; Mutuelle Sociale Agricole &#8211;<a href=\"http:\/\/www.msa.fr\/\">&nbsp;http:\/\/www.msa.fr<\/a><\/p>\n\n\n\n<figure class=\"wp-block-image is-resized\"><img loading=\"lazy\" src=\"https:\/\/www.msa.fr\/lfp\/o\/z80-msa-rwd-theme\/images\/logo.svg\" alt=\"MSA : Sant\u00e9, Famille, Retraite, Services\" width=\"108\" height=\"50\"\/><\/figure>\n\n\n\n<p>Le Conseil d\u00e9partemental de l&rsquo;Essonne &#8211; <a href=\"https:\/\/www.essonne.fr\/\" data-type=\"URL\" data-id=\"https:\/\/www.essonne.fr\/\">http:\/\/www.essonne.fr<\/a><\/p>\n\n\n\n<figure class=\"wp-block-image size-large is-resized\"><img loading=\"lazy\" src=\"https:\/\/le-jardin-des-bisounours.fr\/wp-content\/uploads\/2024\/11\/logo-vectoriel_departement-de-l-essonne.jpg\" alt=\"\" class=\"wp-image-525\" width=\"122\" height=\"62\" srcset=\"https:\/\/le-jardin-des-bisounours.fr\/wp-content\/uploads\/2024\/11\/logo-vectoriel_departement-de-l-essonne.jpg 630w, https:\/\/le-jardin-des-bisounours.fr\/wp-content\/uploads\/2024\/11\/logo-vectoriel_departement-de-l-essonne-300x152.jpg 300w\" sizes=\"(max-width: 122px) 100vw, 122px\" \/><\/figure>\n\n\n\n<p>La Mairie de Villemoisson-sur-Orge &#8211; <a href=\"http:\/\/www.villemoisson.fr\">http:\/\/www.villemoisson.fr<\/a><br><\/p>\n\n\n\n<figure class=\"wp-block-image is-resized\"><img loading=\"lazy\" src=\"https:\/\/www.villemoisson.fr\/images\/site\/logo\/logo.png\" alt=\"logo\" width=\"101\" height=\"32\"\/><\/figure>\n\n\n\n<p>Le service de PMI &#8211; Protection Maternelle et Infantile &#8211; pour les protocoles et le respect de la l\u00e9gislation concernant les structures d&rsquo;accueil de la Petite Enfance. Le m\u00e9decin r\u00e9pond aux questions pos\u00e9es par l&rsquo;\u00e9quipe \u00e9ducative par rapport aux protocoles \u00e0 suivre encas de maladie au sein de la cr\u00e8che.<br><br>La gestion de la comptabilit\u00e9 est externalis\u00e9e aupr\u00e8s d&rsquo;un cabinet d&rsquo;expertise comptable.<\/p>\n","protected":false},"excerpt":{"rendered":"<p>GESTION DE LA CRECHE La gestion de la cr\u00e8che est confi\u00e9e \u00e0 un Bureau, compos\u00e9 d&rsquo;un pr\u00e9sident, d&rsquo;un vice pr\u00e9sident, d&rsquo;un tr\u00e9sorier, d&rsquo;un vice-tr\u00e9sorier et d&rsquo;un secr\u00e9taire.Avec le Conseil d&rsquo;Administration (compos\u00e9 de tous les parents dont les enfants sont inscrits [&hellip;]<\/p>\n","protected":false},"author":1,"featured_media":0,"parent":0,"menu_order":0,"comment_status":"closed","ping_status":"closed","template":"","meta":[],"_links":{"self":[{"href":"https:\/\/le-jardin-des-bisounours.fr\/index.php\/wp-json\/wp\/v2\/pages\/237"}],"collection":[{"href":"https:\/\/le-jardin-des-bisounours.fr\/index.php\/wp-json\/wp\/v2\/pages"}],"about":[{"href":"https:\/\/le-jardin-des-bisounours.fr\/index.php\/wp-json\/wp\/v2\/types\/page"}],"author":[{"embeddable":true,"href":"https:\/\/le-jardin-des-bisounours.fr\/index.php\/wp-json\/wp\/v2\/users\/1"}],"replies":[{"embeddable":true,"href":"https:\/\/le-jardin-des-bisounours.fr\/index.php\/wp-json\/wp\/v2\/comments?post=237"}],"version-history":[{"count":10,"href":"https:\/\/le-jardin-des-bisounours.fr\/index.php\/wp-json\/wp\/v2\/pages\/237\/revisions"}],"predecessor-version":[{"id":527,"href":"https:\/\/le-jardin-des-bisounours.fr\/index.php\/wp-json\/wp\/v2\/pages\/237\/revisions\/527"}],"wp:attachment":[{"href":"https:\/\/le-jardin-des-bisounours.fr\/index.php\/wp-json\/wp\/v2\/media?parent=237"}],"curies":[{"name":"wp","href":"https:\/\/api.w.org\/{rel}","templated":true}]}}