{"id":224,"date":"2018-12-16T23:05:34","date_gmt":"2018-12-16T22:05:34","guid":{"rendered":"https:\/\/le-jardin-des-bisounours.fr\/?page_id=224"},"modified":"2024-11-10T10:05:12","modified_gmt":"2024-11-10T09:05:12","slug":"lassociation","status":"publish","type":"page","link":"https:\/\/le-jardin-des-bisounours.fr\/index.php\/lassociation\/","title":{"rendered":"L&rsquo;association"},"content":{"rendered":"\n<h4>LE JARDIN DES BISOUNOURS<br><\/h4>\n\n\n\n<p>La cr\u00e8che parentale \u00ab\u00a0Le Jardin des Bisounours\u00a0\u00bb est une association loi 1901 agr\u00e9\u00e9e par les services de la PMI (Protection Maternelle et Infantile), et de la DASS (Direction des Affaires Sanitaires et Sociales).<br>Petite structure de 167 m\u00b2, elle accueille aujourd&rsquo;hui, 16 enfants variant de 2,5 mois \u00e0 3 ans (date d&rsquo;entr\u00e9e en maternelle) et emploie 5 professionnels de la petite enfance, ainsi qu&rsquo;un \u00e9l\u00e8ve apprenti.<br>Ouverte toute l&rsquo;ann\u00e9e, du lundi au vendredi, de 8h00 \u00e0 18h30, la cr\u00e8che est enti\u00e8rement \u00e0 gestion parentale, en synergie avec l&rsquo;\u00e9ducateur de jeunes enfants. Le responsable technique, en plus de ses attributions d&rsquo;\u00e9ducateur et d&rsquo;encadreur de l&rsquo;\u00e9quipe p\u00e9dagogique, veille au respect des r\u00e8gles de fonctionnement pour tous les membres de l&rsquo;association et garantit le bon d\u00e9veloppement, la s\u00e9curit\u00e9 et le bien-\u00eatre des enfants au sein de la structure.<br>La cr\u00e8che a une histoire et les parents changent avec les ann\u00e9es qui passent, mais chacun peut se r\u00e9f\u00e9rer aux projets p\u00e9dagogique, \u00e9ducatif et social comme \u00e9l\u00e9ments fondateurs. Les professionnels sont les d\u00e9positaires de l&rsquo;histoire de la cr\u00e8che. Ils sont les passeurs qui permettent \u00e0 chaque famille de s&rsquo;approprier, au fil des ann\u00e9es, cette vie commune.<\/p>\n\n\n\n<h3>HISTORIQUE<br><\/h3>\n\n\n\n<p>Le Jardin des Bisounours a \u00e9t\u00e9 cr\u00e9\u00e9 en 1999, par un groupe de parents et de professionnels soucieux d&rsquo;apporter,&nbsp;\u00e0 leurs enfants, un mode de garde alternatif . Suivant un projet \u00e9ducatif commun et \u00e9volutif, le principe \u00e9tait de cr\u00e9er pour leurs enfants un lieu interm\u00e9diaire entre la famille et le monde ext\u00e9rieur, un lieu o\u00f9 ils puissent se socialiser en douceur, grandir, s&rsquo;\u00e9panouir, s&rsquo;\u00e9veiller\u2026 et d\u00e9couvrir la vie en collectivit\u00e9 !<br>Pour les parents, ce mode garde, leur permet de participer \u00e0 la vie de leur enfant, dans ce lieu qui est le sien, de l&rsquo;accompagner dans son autonomie et ses rencontres avec l&rsquo;autre, ainsi que de pouvoir b\u00e9n\u00e9ficier d&rsquo;un lieu d&rsquo;\u00e9change entre parents et professionnels de la petite enfance.<\/p>\n","protected":false},"excerpt":{"rendered":"<p>LE JARDIN DES BISOUNOURS La cr\u00e8che parentale \u00ab\u00a0Le Jardin des Bisounours\u00a0\u00bb est une association loi 1901 agr\u00e9\u00e9e par les services de la PMI (Protection Maternelle et Infantile), et de la DASS (Direction des Affaires Sanitaires et Sociales).Petite structure de 167 [&hellip;]<\/p>\n","protected":false},"author":1,"featured_media":0,"parent":0,"menu_order":0,"comment_status":"closed","ping_status":"closed","template":"","meta":[],"_links":{"self":[{"href":"https:\/\/le-jardin-des-bisounours.fr\/index.php\/wp-json\/wp\/v2\/pages\/224"}],"collection":[{"href":"https:\/\/le-jardin-des-bisounours.fr\/index.php\/wp-json\/wp\/v2\/pages"}],"about":[{"href":"https:\/\/le-jardin-des-bisounours.fr\/index.php\/wp-json\/wp\/v2\/types\/page"}],"author":[{"embeddable":true,"href":"https:\/\/le-jardin-des-bisounours.fr\/index.php\/wp-json\/wp\/v2\/users\/1"}],"replies":[{"embeddable":true,"href":"https:\/\/le-jardin-des-bisounours.fr\/index.php\/wp-json\/wp\/v2\/comments?post=224"}],"version-history":[{"count":7,"href":"https:\/\/le-jardin-des-bisounours.fr\/index.php\/wp-json\/wp\/v2\/pages\/224\/revisions"}],"predecessor-version":[{"id":522,"href":"https:\/\/le-jardin-des-bisounours.fr\/index.php\/wp-json\/wp\/v2\/pages\/224\/revisions\/522"}],"wp:attachment":[{"href":"https:\/\/le-jardin-des-bisounours.fr\/index.php\/wp-json\/wp\/v2\/media?parent=224"}],"curies":[{"name":"wp","href":"https:\/\/api.w.org\/{rel}","templated":true}]}}